{"id":1303,"date":"2025-12-03T20:20:56","date_gmt":"2025-12-03T20:20:56","guid":{"rendered":"https:\/\/mtlcatmuseum.ca\/dans-la-presse\/"},"modified":"2025-12-03T20:26:35","modified_gmt":"2025-12-03T20:26:35","slug":"dans-la-presse","status":"publish","type":"page","link":"https:\/\/mtlcatmuseum.ca\/fr\/dans-la-presse\/","title":{"rendered":"Dans la presse"},"content":{"rendered":"\n<p>Nous sommes ravis de vous annoncer que notre passion pour les chats et notre mission de c\u00e9l\u00e9brer leur importance culturelle ont retenu l&rsquo;attention des m\u00e9dias locaux, nationaux et internationaux. Vous trouverez ci-dessous des articles et des interviews qui retracent notre parcours et pr\u00e9sentent notre vision pour l&rsquo;avenir du mus\u00e9e. <\/p>\n\n<p><strong>Noovo Moi <\/strong>&#8211; 25 septembre 2025<br\/><a href=\"https:\/\/www.noovomoi.ca\/style-et-maison\/animaux\/nouveau-musee-chats-montreal.html\">\u00ab\u00a0C&rsquo;est officiel: un mus\u00e9e des chats ouvrira ses portes \u00e0 Montr\u00e9al ce mois-ci!\u00a0\u00bb<\/a><\/p>\n\n<p><strong>The Concordian <\/strong>&#8211; 23 septembre 2025<br\/>\u00ab\u00a0<a href=\"https:\/\/theconcordian.com\/2025\/09\/a-first-look-at-the-upcoming-montreal-cat-museum-where-feline-companions-meet-history-and-community\/\">A first look at the upcoming Montreal Cat Museum: where feline companions meet history and community<\/a>\u00ab\u00a0<\/p>\n\n<p><strong>CTV News<\/strong> &#8211; 20 septembre 2025<br\/><a href=\"https:\/\/www.ctvnews.ca\/montreal\/article\/could-montreal-open-a-cat-museum\/\">\u00ab\u00a0Could Montreal open a cat museum?\u00a0\u00bb<\/a><\/p>\n\n<p><strong>Cult MTL<\/strong> &#8211; 19 septembre 2025<br\/><a href=\"https:\/\/cultmtl.com\/2025\/09\/montreal-to-welcome-canada-first-cat-museum-le-miaousee\/\" data-type=\"link\" data-id=\"https:\/\/cultmtl.com\/2025\/09\/montreal-to-welcome-canada-first-cat-museum-le-miaousee\/\">\u00ab\u00a0Montreal to welcome Canada\u2019s first cat museum: Le Miaous\u00e9e\u00a0\u00bb<\/a><\/p>\n\n<p><strong>The Canadian Press <\/strong>&#8211; 14 septembre 2025<br\/><a href=\"https:\/\/www.youtube.com\/watch?v=0veVs34XatM\">\u00ab\u00a0Montreal&rsquo;s Le Miaous\u00e9e wants to become Canada&rsquo;s first permanent cat museum\u00a0\u00bb<\/a> (video)<\/p>\n\n<p><strong>Global News<\/strong> &#8211; 14 septembre 2025<br\/><a href=\"https:\/\/globalnews.ca\/news\/11422880\/montreals-le-miaousee-wants-to-become-canadas-first-permanent-cat-museum\/\">\u00ab\u00a0Montreal\u2019s Le Miaous\u00e9e wants to become Canada\u2019s first permanent cat museum\u00a0\u00bb<\/a><\/p>\n\n<p><strong>The Globe and Mail<\/strong> &#8211; 14 septembre 2025<br\/><a href=\"https:\/\/www.theglobeandmail.com\/arts\/article-montreals-le-miaousee-wants-to-become-canadas-first-permanent-cat\/\">\u00ab\u00a0Montreal\u2019s Le Miaous\u00e9e wants to become Canada\u2019s first permanent cat museum\u00a0\u00bb<\/a><\/p>\n\n<p><strong>La Presse <\/strong>&#8211; 14 septembre 2025<br\/><a href=\"https:\/\/www.lapresse.ca\/societe\/animaux\/2025-09-14\/montreal\/le-miaousee-premier-musee-consacre-aux-chats-au-canada.php\">\u00ab\u00a0Le Miaous\u00e9e, premier mus\u00e9e consacr\u00e9 aux chats au Canada\u00a0\u00bb<\/a><\/p>\n\n<p><strong>CBC, Daybreak avec Sean Henry<\/strong> &#8211; 28 ao\u00fbt 2025<br\/><a href=\"https:\/\/www.cbc.ca\/listen\/live-radio\/1-15-daybreak-montreal\/clip\/16166311-montreal-getting-its-museum-devoted-cats\">\u00ab\u00a0Montreal is getting its own museum devoted to cats\u00a0\u00bb<\/a> (audio)<\/p>\n\n<p><strong>The Art Newspaper<\/strong> &#8211; 26 ao\u00fbt 2025<br\/><a href=\"https:\/\/www.theartnewspaper.com\/2025\/08\/26\/montreal-cat-museum-pop-up-exhibition\">\u00ab\u00a0Claws for celebration: Canada\u2019s first cat museum launching with Montreal pop-up exhibition\u00a0\u00bb<\/a><\/p>\n\n<p><strong>Blooloop <\/strong>&#8211; 23 ao\u00fbt 2025<br\/><a href=\"https:\/\/blooloop.com\/museum\/news\/canada-first-cat-museum-montreal-pop-up-exhibition\/\">\u00ab\u00a0Canada&rsquo;s first cat museum to open with pop-up exhibition in Montreal\u00a0\u00bb<\/a><\/p>\n\n<p><strong>Silo 57<\/strong> &#8211; 23 ao\u00fbt 2025<br\/><a href=\"https:\/\/www.silo57.ca\/musee-montreal-chat-cat-lovers-quoi-faire-exposition\">\u00ab\u00a0Un nouveau mus\u00e9e pour les \u00abcat lovers\u00bb d\u00e9barque \u00e0 Montr\u00e9al, et vous ronronnerez de plaisir\u00a0\u00bb<\/a><\/p>\n\n<p><strong>Quebecoscope<\/strong> &#8211; 22 ao\u00fbt 2025<br\/><a href=\"https:\/\/quebecoscope.com\/le-premier-musee-des-chats-au-canada-ouvre-ses-portes-a-montreal\/\">\u00ab\u00a0Le premier mus\u00e9e des chats au Canada ouvre ses portes \u00e0 Montr\u00e9al\u00a0\u00bb<\/a><\/p>\n\n<p><strong>The Beat 92.5<\/strong> &#8211; 20 ao\u00fbt 2025<br\/><a href=\"https:\/\/www.thebeat925.ca\/news\/718230\/montreal-is-hosting-canada-s-first-cat-museum\">\u00ab\u00a0Montreal is hosting Canada\u2019s first cat museum!\u00a0\u00bb<\/a><\/p>\n\n<p><strong>TimeOut<\/strong> &#8211; 20 ao\u00fbt 2025<br\/><a href=\"https:\/\/www.timeout.com\/montreal\/news\/canadas-first-cat-museum-coming-to-montreal-pop-up-exhibit-launches-next-month-082025\">\u00ab\u00a0Canada\u2019s first cat museum coming to Montreal: pop-up exhibit launches next month\u00a0\u00bb<\/a><\/p>\n\n<p><strong>Barrie Today <\/strong>&#8211; 16 juin 2024<br\/>\u00ab\u00a0<a href=\"https:\/\/www.barrietoday.com\/local-news\/fur-real-innisfil-resident-helping-establish-museum-for-cats-9083792\">Fur real: Innisfil resident helping establish museum for cats<\/a>\u00ab\u00a0<\/p>\n","protected":false},"excerpt":{"rendered":"<p>Nous sommes ravis de vous annoncer que notre passion pour les chats et notre mission de c\u00e9l\u00e9brer leur importance culturelle ont retenu l&rsquo;attention des m\u00e9dias locaux, nationaux et internationaux. Vous trouverez ci-dessous des articles et des interviews qui retracent notre parcours et pr\u00e9sentent notre vision pour l&rsquo;avenir du mus\u00e9e. Noovo Moi &#8211; 25 septembre 2025\u00ab\u00a0C&rsquo;est [&hellip;]<\/p>\n","protected":false},"author":1,"featured_media":0,"parent":0,"menu_order":0,"comment_status":"closed","ping_status":"closed","template":"","meta":{"footnotes":""},"class_list":["post-1303","page","type-page","status-publish","hentry"],"_links":{"self":[{"href":"https:\/\/mtlcatmuseum.ca\/fr\/wp-json\/wp\/v2\/pages\/1303","targetHints":{"allow":["GET"]}}],"collection":[{"href":"https:\/\/mtlcatmuseum.ca\/fr\/wp-json\/wp\/v2\/pages"}],"about":[{"href":"https:\/\/mtlcatmuseum.ca\/fr\/wp-json\/wp\/v2\/types\/page"}],"author":[{"embeddable":true,"href":"https:\/\/mtlcatmuseum.ca\/fr\/wp-json\/wp\/v2\/users\/1"}],"replies":[{"embeddable":true,"href":"https:\/\/mtlcatmuseum.ca\/fr\/wp-json\/wp\/v2\/comments?post=1303"}],"version-history":[{"count":1,"href":"https:\/\/mtlcatmuseum.ca\/fr\/wp-json\/wp\/v2\/pages\/1303\/revisions"}],"predecessor-version":[{"id":1304,"href":"https:\/\/mtlcatmuseum.ca\/fr\/wp-json\/wp\/v2\/pages\/1303\/revisions\/1304"}],"wp:attachment":[{"href":"https:\/\/mtlcatmuseum.ca\/fr\/wp-json\/wp\/v2\/media?parent=1303"}],"curies":[{"name":"wp","href":"https:\/\/api.w.org\/{rel}","templated":true}]}}