{"id":771,"date":"2024-10-13T19:32:45","date_gmt":"2024-10-13T19:32:45","guid":{"rendered":"https:\/\/mtlcatmuseum.ca\/a-propos-de-nous\/"},"modified":"2025-12-02T16:34:52","modified_gmt":"2025-12-02T16:34:52","slug":"a-propos-de-nous","status":"publish","type":"page","link":"https:\/\/mtlcatmuseum.ca\/fr\/","title":{"rendered":"Accueil"},"content":{"rendered":"\n<figure class=\"wp-block-image size-large\"><img loading=\"lazy\" decoding=\"async\" width=\"1024\" height=\"512\" src=\"https:\/\/mtlcatmuseum.ca\/wp-content\/uploads\/2025\/09\/Facebook-event-banner-updated-1024x512.png\" alt=\"\" class=\"wp-image-1216\" srcset=\"https:\/\/mtlcatmuseum.ca\/wp-content\/uploads\/2025\/09\/Facebook-event-banner-updated-1024x512.png 1024w, https:\/\/mtlcatmuseum.ca\/wp-content\/uploads\/2025\/09\/Facebook-event-banner-updated-300x150.png 300w, https:\/\/mtlcatmuseum.ca\/wp-content\/uploads\/2025\/09\/Facebook-event-banner-updated-768x384.png 768w, https:\/\/mtlcatmuseum.ca\/wp-content\/uploads\/2025\/09\/Facebook-event-banner-updated-1536x768.png 1536w, https:\/\/mtlcatmuseum.ca\/wp-content\/uploads\/2025\/09\/Facebook-event-banner-updated-2048x1024.png 2048w\" sizes=\"auto, (max-width: 1024px) 100vw, 1024px\" \/><\/figure>\n\n<h2 class=\"wp-block-heading\">Exposition pr\u00e9c\u00e9dente : Miaoutr\u00e9al<\/h2>\n\n<p>Du 12 septembre au 12 octobre, nous avons pr\u00e9sent\u00e9 l\u2019exposition temporaire \u00ab<strong> Miaoutr\u00e9al : L\u2019histoire des chats de Montr\u00e9al<\/strong> \u00bb, un premier aper\u00e7u de notre vision pour l\u2019avenir du Miaous\u00e9e.<\/p>\n\n<p>L\u2019exposition explorait la fascinante histoire des chats \u00e0 Montr\u00e9al, retra\u00e7ant leur arriv\u00e9e au Qu\u00e9bec lors de la colonisation fran\u00e7aise jusqu\u2019\u00e0 l\u2019art contemporain f\u00e9lin et aux efforts modernes de sauvetage. Les visiteurs ont profit\u00e9 d\u2019un riche \u00e9ventail d\u2019exp\u00e9riences : des march\u00e9s de fin de semaine anim\u00e9s par le <a href=\"https:\/\/www.reseausecoursanimal.org\/\" target=\"_blank\" rel=\"noreferrer noopener\">R\u00e9seau Secours Animal<\/a> et le <a href=\"https:\/\/www.refugekittykat.com\/\" target=\"_blank\" rel=\"noreferrer noopener\">Refuge Kitty-Kat Rescue<\/a>, ainsi que des activit\u00e9s dirig\u00e9es par les artistes de l\u2019exposition.<\/p>\n\n<p>La r\u00e9ponse a \u00e9t\u00e9 extraordinaire &#8211; <strong>plus de 2 500 visiteurs sont venus d\u00e9couvrir l\u2019exposition<\/strong>, et des fins de semaine compl\u00e8tes nous ont m\u00eame amen\u00e9s \u00e0 prolonger l\u2019\u00e9v\u00e9nement de deux semaines suppl\u00e9mentaires! Nous avons \u00e9galement \u00e9t\u00e9 charm\u00e9s par nos mascottes officieuses, Cali et Leo, deux chats du quartier qui passaient souvent nous rendre visite pour des c\u00e2lins. <\/p>\n\n<p>Nous travaillons maintenant avec enthousiasme \u00e0 poser les bases de notre mus\u00e9e permanent, dont l\u2019ouverture est pr\u00e9vue pour 2026.<\/p>\n\n<hr class=\"wp-block-separator has-alpha-channel-opacity\"\/>\n\n<h2 class=\"wp-block-heading\">Campagne de financement participatif<\/h2>\n\n<p>La <a href=\"https:\/\/laruchequebec.com\/fr\/projects\/offrez-un-foyer-au-miaousee\" data-type=\"link\" data-id=\"https:\/\/laruchequebec.com\/fr\/projects\/offrez-un-foyer-au-miaousee\" target=\"_blank\" rel=\"noreferrer noopener\">campagne de financement participatif<\/a> pour Le Miaous\u00e9e est maintenant termin\u00e9e! Elle a officiellement pris fin le 24 octobre. Gr\u00e2ce \u00e0 notre incroyable communaut\u00e9, <strong>nous avons atteint notre objectif de 15 000 $!<\/strong> Votre soutien nous rapproche de la cr\u00e9ation du premier mus\u00e9e permanent d\u00e9di\u00e9 aux chats au Canada \u2014 un lieu o\u00f9 les chats, la culture et la communaut\u00e9 se rencontrent.<\/p>\n\n<hr class=\"wp-block-separator has-alpha-channel-opacity\"\/>\n\n<h2 class=\"wp-block-heading\">A venir en 2026<\/h2>\n\n<p>Le Miaous\u00e9e c\u00e9l\u00e8bre le r\u00f4le des chats dans notre soci\u00e9t\u00e9 tout en encourageant la compassion, l&rsquo;\u00e9ducation et l&rsquo;action communautaire pour am\u00e9liorer le bien-\u00eatre des f\u00e9lins. Gr\u00e2ce \u00e0 nos \u00e9v\u00e9nements pop-up \u00e0 travers Montr\u00e9al, nous r\u00e9unissons des amoureux des chats, des artistes et des organismes de sauvetage afin d&rsquo;approfondir notre lien avec les chats.<\/p>\n\n<p>Nous pr\u00e9voyons d&rsquo;ouvrir un espace permanent en 2026, con\u00e7u comme une destination accueillante pour tous. Ce futur mus\u00e9e comprendra<\/p>\n\n<ul class=\"wp-block-list\">\n<li><strong>Des expositions immersives et inspirantes<\/strong> sur l&rsquo;histoire, la culture et les soins des chats<\/li>\n\n\n\n<li><strong>Un salon confortable abritant des chats de sauvetage adoptables<\/strong>, associ\u00e9 \u00e0 un <strong>espace \u00e9v\u00e9nementiel<\/strong> polyvalent pour des ateliers, des conf\u00e9rences et des rassemblements communautaires.<\/li>\n\n\n\n<li><strong>Une boutique sur le th\u00e8me des chats<\/strong> proposant des \u0153uvres d&rsquo;art, des cadeaux et des produits fabriqu\u00e9s localement qui soutiennent notre mission.<\/li>\n<\/ul>\n\n<p>Notre objectif est de cr\u00e9er un espace joyeux et inclusif qui inspire l&rsquo;apprentissage, la connexion et la compassion &#8211; une empreinte de patte \u00e0 la fois.<\/p>\n\n<hr class=\"wp-block-separator has-alpha-channel-opacity\"\/>\n\n<div class=\"wp-block-columns is-layout-flex wp-container-core-columns-is-layout-28f84493 wp-block-columns-is-layout-flex\">\n<div class=\"wp-block-column is-layout-flow wp-block-column-is-layout-flow\">\n<h2 class=\"wp-block-heading has-text-align-center\"><a href=\"https:\/\/mtlcatmuseum.ca\/fr\/evenements\/\" data-type=\"page\" data-id=\"466\">Ev\u00e9nements<\/a><\/h2>\n\n\n\n<figure class=\"wp-block-image size-large\"><a href=\"https:\/\/mtlcatmuseum.ca\/fr\/evenements\/\"><img loading=\"lazy\" decoding=\"async\" width=\"1024\" height=\"1024\" src=\"https:\/\/mtlcatmuseum.ca\/wp-content\/uploads\/2025\/07\/3-1024x1024.png\" alt=\"\" class=\"wp-image-678\" srcset=\"https:\/\/mtlcatmuseum.ca\/wp-content\/uploads\/2025\/07\/3-1024x1024.png 1024w, https:\/\/mtlcatmuseum.ca\/wp-content\/uploads\/2025\/07\/3-300x300.png 300w, https:\/\/mtlcatmuseum.ca\/wp-content\/uploads\/2025\/07\/3-150x150.png 150w, https:\/\/mtlcatmuseum.ca\/wp-content\/uploads\/2025\/07\/3-768x768.png 768w, https:\/\/mtlcatmuseum.ca\/wp-content\/uploads\/2025\/07\/3.png 1080w\" sizes=\"auto, (max-width: 1024px) 100vw, 1024px\" \/><\/a><\/figure>\n\n\n\n<p class=\"has-text-align-center is-style-default\">Rejoignez-nous lors d\u2019un prochain \u00e9v\u00e9nement !<\/p>\n<\/div>\n\n\n\n<div class=\"wp-block-column is-layout-flow wp-block-column-is-layout-flow\">\n<h2 class=\"wp-block-heading has-text-align-center\"><a href=\"https:\/\/mtlcatmuseum.ca\/fr\/a-propros\/\" data-type=\"page\" data-id=\"481\">\u00c0 propos de nous<\/a><\/h2>\n\n\n\n<figure class=\"wp-block-image size-large\"><a href=\"https:\/\/mtlcatmuseum.ca\/fr\/a-propros\/\"><img loading=\"lazy\" decoding=\"async\" width=\"1024\" height=\"1024\" src=\"https:\/\/mtlcatmuseum.ca\/wp-content\/uploads\/2025\/07\/2-1-1024x1024.png\" alt=\"\" class=\"wp-image-676\" srcset=\"https:\/\/mtlcatmuseum.ca\/wp-content\/uploads\/2025\/07\/2-1-1024x1024.png 1024w, https:\/\/mtlcatmuseum.ca\/wp-content\/uploads\/2025\/07\/2-1-300x300.png 300w, https:\/\/mtlcatmuseum.ca\/wp-content\/uploads\/2025\/07\/2-1-150x150.png 150w, https:\/\/mtlcatmuseum.ca\/wp-content\/uploads\/2025\/07\/2-1-768x768.png 768w, https:\/\/mtlcatmuseum.ca\/wp-content\/uploads\/2025\/07\/2-1.png 1080w\" sizes=\"auto, (max-width: 1024px) 100vw, 1024px\" \/><\/a><\/figure>\n\n\n\n<p class=\"has-text-align-center\">Rencontrez notre \u00e9quipe de passionn\u00e9s de chats.<\/p>\n<\/div>\n\n\n\n<div class=\"wp-block-column is-layout-flow wp-block-column-is-layout-flow\">\n<h2 class=\"wp-block-heading has-text-align-center\"><a href=\"https:\/\/mtlcatmuseum.ca\/fr\/contactez-nous\/\" data-type=\"page\" data-id=\"475\">Contactez-nous<\/a><\/h2>\n\n\n\n<figure class=\"wp-block-image size-large\"><a href=\"https:\/\/mtlcatmuseum.ca\/fr\/contactez-nous\/\"><img loading=\"lazy\" decoding=\"async\" width=\"1024\" height=\"1024\" src=\"https:\/\/mtlcatmuseum.ca\/wp-content\/uploads\/2025\/07\/1-1-1024x1024.png\" alt=\"\" class=\"wp-image-677\" srcset=\"https:\/\/mtlcatmuseum.ca\/wp-content\/uploads\/2025\/07\/1-1-1024x1024.png 1024w, https:\/\/mtlcatmuseum.ca\/wp-content\/uploads\/2025\/07\/1-1-300x300.png 300w, https:\/\/mtlcatmuseum.ca\/wp-content\/uploads\/2025\/07\/1-1-150x150.png 150w, https:\/\/mtlcatmuseum.ca\/wp-content\/uploads\/2025\/07\/1-1-768x768.png 768w, https:\/\/mtlcatmuseum.ca\/wp-content\/uploads\/2025\/07\/1-1.png 1080w\" sizes=\"auto, (max-width: 1024px) 100vw, 1024px\" \/><\/a><\/figure>\n\n\n\n<p class=\"has-text-align-center\">Nous serions ravis de vous entendre.<\/p>\n<\/div>\n<\/div>\n","protected":false},"excerpt":{"rendered":"<p>Exposition pr\u00e9c\u00e9dente : Miaoutr\u00e9al Du 12 septembre au 12 octobre, nous avons pr\u00e9sent\u00e9 l\u2019exposition temporaire \u00ab Miaoutr\u00e9al : L\u2019histoire des chats de Montr\u00e9al \u00bb, un premier aper\u00e7u de notre vision pour l\u2019avenir du Miaous\u00e9e. L\u2019exposition explorait la fascinante histoire des chats \u00e0 Montr\u00e9al, retra\u00e7ant leur arriv\u00e9e au Qu\u00e9bec lors de la colonisation fran\u00e7aise jusqu\u2019\u00e0 l\u2019art [&hellip;]<\/p>\n","protected":false},"author":1,"featured_media":738,"parent":0,"menu_order":0,"comment_status":"closed","ping_status":"closed","template":"homepage","meta":{"footnotes":""},"class_list":["post-771","page","type-page","status-publish","has-post-thumbnail","hentry"],"_links":{"self":[{"href":"https:\/\/mtlcatmuseum.ca\/fr\/wp-json\/wp\/v2\/pages\/771","targetHints":{"allow":["GET"]}}],"collection":[{"href":"https:\/\/mtlcatmuseum.ca\/fr\/wp-json\/wp\/v2\/pages"}],"about":[{"href":"https:\/\/mtlcatmuseum.ca\/fr\/wp-json\/wp\/v2\/types\/page"}],"author":[{"embeddable":true,"href":"https:\/\/mtlcatmuseum.ca\/fr\/wp-json\/wp\/v2\/users\/1"}],"replies":[{"embeddable":true,"href":"https:\/\/mtlcatmuseum.ca\/fr\/wp-json\/wp\/v2\/comments?post=771"}],"version-history":[{"count":32,"href":"https:\/\/mtlcatmuseum.ca\/fr\/wp-json\/wp\/v2\/pages\/771\/revisions"}],"predecessor-version":[{"id":1296,"href":"https:\/\/mtlcatmuseum.ca\/fr\/wp-json\/wp\/v2\/pages\/771\/revisions\/1296"}],"wp:featuredmedia":[{"embeddable":true,"href":"https:\/\/mtlcatmuseum.ca\/fr\/wp-json\/wp\/v2\/media\/738"}],"wp:attachment":[{"href":"https:\/\/mtlcatmuseum.ca\/fr\/wp-json\/wp\/v2\/media?parent=771"}],"curies":[{"name":"wp","href":"https:\/\/api.w.org\/{rel}","templated":true}]}}