{"id":848,"date":"2024-10-13T20:43:59","date_gmt":"2024-10-13T20:43:59","guid":{"rendered":"https:\/\/mtlcatmuseum.ca\/rencontrez-lequipe\/"},"modified":"2026-04-15T19:33:12","modified_gmt":"2026-04-15T19:33:12","slug":"a-propros","status":"publish","type":"page","link":"https:\/\/mtlcatmuseum.ca\/fr\/a-propros\/","title":{"rendered":"\u00c0 propos de nous"},"content":{"rendered":"\n<p>Le Miaous\u00e9e est n\u00e9 d&rsquo;une id\u00e9e simple mais puissante : c\u00e9l\u00e9brer le r\u00f4le remarquable des chats dans nos vies. L&rsquo;\u00e9tincelle initiale est venue d&rsquo;un <a href=\"https:\/\/www.scholastic.ca\/our-books\/book\/fearless-felines-9781338355833\" data-type=\"link\" data-id=\"https:\/\/www.scholastic.ca\/our-books\/book\/fearless-felines-9781338355833\" target=\"_blank\" rel=\"noreferrer noopener\">livre<\/a> sur les chats h\u00e9ro\u00efques et extraordinaires qui ont fait preuve de courage d&rsquo;une mani\u00e8re qui a marqu\u00e9 l&rsquo;histoire de l&rsquo;humanit\u00e9.<\/p>\n\n<p>Le <a href=\"https:\/\/mtlcatmuseum.ca\/fr\/evenements\/\" data-type=\"page\" data-id=\"466\">premier \u00e9v\u00e9nement<\/a> a \u00e9t\u00e9 lanc\u00e9e par Aqeela et son amie Lynn, qui se sont rencontr\u00e9es au travail et ont rapidement sympathis\u00e9 autour de leur amour commun des chats et des m\u00e8mes Internet. Leur collaboration a d\u00e9bouch\u00e9 sur une exposition sur les chats vivant dans des fermes sanctuaires, organis\u00e9e au <a href=\"https:\/\/www.happilyeveresther.ca\/\" data-type=\"link\" data-id=\"https:\/\/www.happilyeveresther.ca\/\">Happily Ever Esther Farm Sanctuary<\/a>. <\/p>\n\n<p>Depuis, Le Miaous\u00e9e a pr\u00e9sent\u00e9 des expositions \u00e0 Montr\u00e9al et se pr\u00e9pare \u00e0 ouvrir un mus\u00e9e permanent \u00e0 l&rsquo;\u00e9t\u00e9 2026, qui sera un espace culturel vivant d\u00e9di\u00e9 aux chats, \u00e0 la communaut\u00e9 et \u00e0 la cr\u00e9ativit\u00e9.<\/p>\n\n<p>D\u00e9couvrez ci-dessous les membres de notre \u00e9quipe qui donnent vie \u00e0 ce projet.<\/p>\n\n<div class=\"wp-block-media-text is-stacked-on-mobile is-image-fill-element\"><figure class=\"wp-block-media-text__media\"><img loading=\"lazy\" decoding=\"async\" width=\"768\" height=\"1024\" src=\"https:\/\/mtlcatmuseum.ca\/wp-content\/uploads\/2026\/04\/Aqeela1-768x1024.jpg\" alt=\"\" class=\"wp-image-1317 size-full\" style=\"object-position:37% 33%\" srcset=\"https:\/\/mtlcatmuseum.ca\/wp-content\/uploads\/2026\/04\/Aqeela1-768x1024.jpg 768w, https:\/\/mtlcatmuseum.ca\/wp-content\/uploads\/2026\/04\/Aqeela1-225x300.jpg 225w, https:\/\/mtlcatmuseum.ca\/wp-content\/uploads\/2026\/04\/Aqeela1-1152x1536.jpg 1152w, https:\/\/mtlcatmuseum.ca\/wp-content\/uploads\/2026\/04\/Aqeela1-1536x2048.jpg 1536w, https:\/\/mtlcatmuseum.ca\/wp-content\/uploads\/2026\/04\/Aqeela1-scaled.jpg 1920w\" sizes=\"auto, (max-width: 768px) 100vw, 768px\" \/><\/figure><div class=\"wp-block-media-text__content\">\n<p><strong>Aqeela Nahani<\/strong><br\/>Directeur ex\u00e9cutif<\/p>\n<\/div><\/div>\n\n<div class=\"wp-block-media-text is-stacked-on-mobile is-image-fill-element\"><figure class=\"wp-block-media-text__media\"><img loading=\"lazy\" decoding=\"async\" width=\"1024\" height=\"768\" src=\"https:\/\/mtlcatmuseum.ca\/wp-content\/uploads\/2024\/10\/IMG_9913-1024x768.jpg\" alt=\"\" class=\"wp-image-1060 size-full\" style=\"object-position:38% 38%\" srcset=\"https:\/\/mtlcatmuseum.ca\/wp-content\/uploads\/2024\/10\/IMG_9913-1024x768.jpg 1024w, https:\/\/mtlcatmuseum.ca\/wp-content\/uploads\/2024\/10\/IMG_9913-300x225.jpg 300w, https:\/\/mtlcatmuseum.ca\/wp-content\/uploads\/2024\/10\/IMG_9913-768x576.jpg 768w, https:\/\/mtlcatmuseum.ca\/wp-content\/uploads\/2024\/10\/IMG_9913-1536x1152.jpg 1536w, https:\/\/mtlcatmuseum.ca\/wp-content\/uploads\/2024\/10\/IMG_9913-2048x1536.jpg 2048w\" sizes=\"auto, (max-width: 1024px) 100vw, 1024px\" \/><\/figure><div class=\"wp-block-media-text__content\">\n<p><strong>\u00c0 annoncer<\/strong><br\/>Directeur du mus\u00e9e<\/p>\n<\/div><\/div>\n\n<div class=\"wp-block-media-text is-stacked-on-mobile is-image-fill-element\"><figure class=\"wp-block-media-text__media\"><img loading=\"lazy\" decoding=\"async\" width=\"854\" height=\"1024\" src=\"https:\/\/mtlcatmuseum.ca\/wp-content\/uploads\/2025\/08\/Ashwin-1-854x1024.jpg\" alt=\"\" class=\"wp-image-1149 size-full\" style=\"object-position:36% 13%\" srcset=\"https:\/\/mtlcatmuseum.ca\/wp-content\/uploads\/2025\/08\/Ashwin-1-854x1024.jpg 854w, https:\/\/mtlcatmuseum.ca\/wp-content\/uploads\/2025\/08\/Ashwin-1-250x300.jpg 250w, https:\/\/mtlcatmuseum.ca\/wp-content\/uploads\/2025\/08\/Ashwin-1-768x920.jpg 768w, https:\/\/mtlcatmuseum.ca\/wp-content\/uploads\/2025\/08\/Ashwin-1.jpg 1189w\" sizes=\"auto, (max-width: 854px) 100vw, 854px\" \/><\/figure><div class=\"wp-block-media-text__content\">\n<p><strong>Ashwin Vaidyanathan<br\/><\/strong>Membre du conseil d&rsquo;administration<\/p>\n<\/div><\/div>\n\n<div class=\"wp-block-media-text is-stacked-on-mobile is-image-fill-element\"><figure class=\"wp-block-media-text__media\"><img loading=\"lazy\" decoding=\"async\" width=\"683\" height=\"1024\" src=\"https:\/\/mtlcatmuseum.ca\/wp-content\/uploads\/2026\/04\/Natasha-683x1024.png\" alt=\"\" class=\"wp-image-1315 size-full\" style=\"object-position:50% 53%\" srcset=\"https:\/\/mtlcatmuseum.ca\/wp-content\/uploads\/2026\/04\/Natasha-683x1024.png 683w, https:\/\/mtlcatmuseum.ca\/wp-content\/uploads\/2026\/04\/Natasha-200x300.png 200w, https:\/\/mtlcatmuseum.ca\/wp-content\/uploads\/2026\/04\/Natasha-768x1152.png 768w, https:\/\/mtlcatmuseum.ca\/wp-content\/uploads\/2026\/04\/Natasha-1024x1536.png 1024w, https:\/\/mtlcatmuseum.ca\/wp-content\/uploads\/2026\/04\/Natasha.png 1365w\" sizes=\"auto, (max-width: 683px) 100vw, 683px\" \/><\/figure><div class=\"wp-block-media-text__content\">\n<p><strong>Natasha Stewart-Todaro<\/strong><br\/>Membre du conseil d&rsquo;administration<\/p>\n<\/div><\/div>\n\n<p class=\"has-text-align-center\"><\/p>\n\n<p class=\"has-text-align-center\"><\/p>\n\n<p class=\"has-text-align-center\"><\/p>\n\n<p class=\"has-text-align-center\"><\/p>\n\n<p class=\"has-text-align-center\"><\/p>\n","protected":false},"excerpt":{"rendered":"<p>Le Miaous\u00e9e a \u00e9t\u00e9 cr\u00e9\u00e9 par deux amies. | Le Miaous\u00e9e was created by two friends.<\/p>\n","protected":false},"author":1,"featured_media":721,"parent":0,"menu_order":0,"comment_status":"closed","ping_status":"closed","template":"","meta":{"footnotes":""},"class_list":["post-848","page","type-page","status-publish","has-post-thumbnail","hentry"],"_links":{"self":[{"href":"https:\/\/mtlcatmuseum.ca\/fr\/wp-json\/wp\/v2\/pages\/848","targetHints":{"allow":["GET"]}}],"collection":[{"href":"https:\/\/mtlcatmuseum.ca\/fr\/wp-json\/wp\/v2\/pages"}],"about":[{"href":"https:\/\/mtlcatmuseum.ca\/fr\/wp-json\/wp\/v2\/types\/page"}],"author":[{"embeddable":true,"href":"https:\/\/mtlcatmuseum.ca\/fr\/wp-json\/wp\/v2\/users\/1"}],"replies":[{"embeddable":true,"href":"https:\/\/mtlcatmuseum.ca\/fr\/wp-json\/wp\/v2\/comments?post=848"}],"version-history":[{"count":7,"href":"https:\/\/mtlcatmuseum.ca\/fr\/wp-json\/wp\/v2\/pages\/848\/revisions"}],"predecessor-version":[{"id":1320,"href":"https:\/\/mtlcatmuseum.ca\/fr\/wp-json\/wp\/v2\/pages\/848\/revisions\/1320"}],"wp:featuredmedia":[{"embeddable":true,"href":"https:\/\/mtlcatmuseum.ca\/fr\/wp-json\/wp\/v2\/media\/721"}],"wp:attachment":[{"href":"https:\/\/mtlcatmuseum.ca\/fr\/wp-json\/wp\/v2\/media?parent=848"}],"curies":[{"name":"wp","href":"https:\/\/api.w.org\/{rel}","templated":true}]}}